{"id":118,"date":"2025-12-17T10:13:13","date_gmt":"2025-12-17T10:13:13","guid":{"rendered":"https:\/\/laroussane.panda-one.dev\/?page_id=118"},"modified":"2025-12-17T10:15:13","modified_gmt":"2025-12-17T10:15:13","slug":"services-proposes","status":"publish","type":"page","link":"https:\/\/laroussane.panda-one.dev\/?page_id=118","title":{"rendered":"Services propos\u00e9s"},"content":{"rendered":"\t\t<div data-elementor-type=\"wp-page\" data-elementor-id=\"118\" class=\"elementor elementor-118\" data-elementor-post-type=\"page\">\n\t\t\t\t<div class=\"elementor-element elementor-element-096fa2f e-flex e-con-boxed e-con e-parent\" data-id=\"096fa2f\" data-element_type=\"container\">\n\t\t\t\t\t<div class=\"e-con-inner\">\n\t\t\t\t<div class=\"elementor-element elementor-element-fe40510 elementor-widget elementor-widget-heading\" data-id=\"fe40510\" data-element_type=\"widget\" data-widget_type=\"heading.default\">\n\t\t\t\t\t<h1 class=\"elementor-heading-title elementor-size-default\">Services propos\u00e9s<\/h1>\t\t\t\t<\/div>\n\t\t<div class=\"elementor-element elementor-element-460755c e-con-full e-flex e-con e-child\" data-id=\"460755c\" data-element_type=\"container\">\n\t\t\t\t<div class=\"elementor-element elementor-element-532dfd8 elementor-widget elementor-widget-heading\" data-id=\"532dfd8\" data-element_type=\"widget\" data-widget_type=\"heading.default\">\n\t\t\t\t\t<h2 class=\"elementor-heading-title elementor-size-default\">Votre chambre<\/h2>\t\t\t\t<\/div>\n\t\t\t\t<div class=\"elementor-element elementor-element-1d01a9f elementor-widget elementor-widget-text-editor\" data-id=\"1d01a9f\" data-element_type=\"widget\" data-widget_type=\"text-editor.default\">\n\t\t\t\t\t\t\t\t\t<p>La Roussane met \u00e0 votre disposition des\u00a0<strong>chambres claires et agr\u00e9ables<\/strong>. Elles sont enti\u00e8rement meubl\u00e9es et vous avez la possibilit\u00e9 de <strong>personnaliser votre logement<\/strong> \u00e0 votre convenance (bibelot, t\u00e9l\u00e9viseur&#8230;)<\/p><p><strong>L\u2019entretien<\/strong> du logement\u00a0et des parties communes est assur\u00e9 par le personnel d\u2019h\u00f4tellerie.<\/p><p>La\u00a0<strong>maintenance\u00a0<\/strong>et les petites r\u00e9parations sont assur\u00e9es par le personnel technique.<\/p><p>Vous pouvez demander l\u2019installation du t\u00e9l\u00e9phone dans votre chambre ; l\u2019abonnement et les communications restent \u00e0 votre charge.<\/p><p>Un point phone est \u00e9galement \u00e0 votre disposition dans le salon.<\/p>\t\t\t\t\t\t\t\t<\/div>\n\t\t\t\t<\/div>\n\t\t<div class=\"elementor-element elementor-element-43a9ee6 e-con-full e-flex e-con e-child\" data-id=\"43a9ee6\" data-element_type=\"container\">\n\t\t\t\t<div class=\"elementor-element elementor-element-9691b0a elementor-widget elementor-widget-heading\" data-id=\"9691b0a\" data-element_type=\"widget\" data-widget_type=\"heading.default\">\n\t\t\t\t\t<h2 class=\"elementor-heading-title elementor-size-default\">Les repas<\/h2>\t\t\t\t<\/div>\n\t\t\t\t<div class=\"elementor-element elementor-element-2fdb17a elementor-widget elementor-widget-text-editor\" data-id=\"2fdb17a\" data-element_type=\"widget\" data-widget_type=\"text-editor.default\">\n\t\t\t\t\t\t\t\t\t<p>Les repas sont\u00a0<strong>confectionn\u00e9s par notre \u00e9quipe de cuisiniers<\/strong>, qui font de votre plaisir une priorit\u00e9.<\/p><p>Des\u00a0<strong>produits du terroir et des plats mitonn\u00e9s<\/strong>\u00a0vous sont servis dans un espace convivial o\u00f9\u00a0<strong>vous pouvez convier vos proches \u00e0 partager votre table.<\/strong><\/p>\t\t\t\t\t\t\t\t<\/div>\n\t\t\t\t<\/div>\n\t\t<div class=\"elementor-element elementor-element-ee0fcfe e-con-full e-flex e-con e-child\" data-id=\"ee0fcfe\" data-element_type=\"container\">\n\t\t\t\t<div class=\"elementor-element elementor-element-acc81cb elementor-widget elementor-widget-heading\" data-id=\"acc81cb\" data-element_type=\"widget\" data-widget_type=\"heading.default\">\n\t\t\t\t\t<h2 class=\"elementor-heading-title elementor-size-default\">Les services suppl\u00e9mentaires<\/h2>\t\t\t\t<\/div>\n\t\t\t\t<div class=\"elementor-element elementor-element-f220756 elementor-widget elementor-widget-text-editor\" data-id=\"f220756\" data-element_type=\"widget\" data-widget_type=\"text-editor.default\">\n\t\t\t\t\t\t\t\t\t<p>Votre\u00a0<strong>linge\u00a0<\/strong>est pris en charge par notre blanchisserie.<\/p><p>Votre\u00a0<strong>courrier\u00a0<\/strong>vous est distribu\u00e9 tous les matins et nous nous chargerons de poster le v\u00f4tre.<\/p><p>Une\u00a0<strong>coiffeuse<\/strong>, une <strong>esth\u00e9ticienne<\/strong> et un(e) <strong>p\u00e9dicure\u00a0<\/strong>interviennent r\u00e9guli\u00e8rement dans l\u2019\u00e9tablissement.<\/p>\t\t\t\t\t\t\t\t<\/div>\n\t\t\t\t<\/div>\n\t\t\t\t\t<\/div>\n\t\t\t\t<\/div>\n\t\t\t\t<\/div>\n\t\t","protected":false},"excerpt":{"rendered":"<p>Services propos\u00e9s Votre chambre La Roussane met \u00e0 votre disposition des\u00a0chambres claires et agr\u00e9ables. Elles sont enti\u00e8rement meubl\u00e9es et vous avez la possibilit\u00e9 de personnaliser votre logement \u00e0 votre convenance (bibelot, t\u00e9l\u00e9viseur&#8230;) L\u2019entretien du logement\u00a0et des parties communes est assur\u00e9 par le personnel d\u2019h\u00f4tellerie. La\u00a0maintenance\u00a0et les petites r\u00e9parations sont assur\u00e9es par le personnel technique. Vous [&hellip;]<\/p>\n","protected":false},"author":1,"featured_media":0,"parent":0,"menu_order":0,"comment_status":"closed","ping_status":"closed","template":"","meta":{"footnotes":""},"class_list":["post-118","page","type-page","status-publish","hentry"],"_links":{"self":[{"href":"https:\/\/laroussane.panda-one.dev\/index.php?rest_route=\/wp\/v2\/pages\/118","targetHints":{"allow":["GET"]}}],"collection":[{"href":"https:\/\/laroussane.panda-one.dev\/index.php?rest_route=\/wp\/v2\/pages"}],"about":[{"href":"https:\/\/laroussane.panda-one.dev\/index.php?rest_route=\/wp\/v2\/types\/page"}],"author":[{"embeddable":true,"href":"https:\/\/laroussane.panda-one.dev\/index.php?rest_route=\/wp\/v2\/users\/1"}],"replies":[{"embeddable":true,"href":"https:\/\/laroussane.panda-one.dev\/index.php?rest_route=%2Fwp%2Fv2%2Fcomments&post=118"}],"version-history":[{"count":4,"href":"https:\/\/laroussane.panda-one.dev\/index.php?rest_route=\/wp\/v2\/pages\/118\/revisions"}],"predecessor-version":[{"id":123,"href":"https:\/\/laroussane.panda-one.dev\/index.php?rest_route=\/wp\/v2\/pages\/118\/revisions\/123"}],"wp:attachment":[{"href":"https:\/\/laroussane.panda-one.dev\/index.php?rest_route=%2Fwp%2Fv2%2Fmedia&parent=118"}],"curies":[{"name":"wp","href":"https:\/\/api.w.org\/{rel}","templated":true}]}}