{"id":125,"date":"2025-12-17T10:42:43","date_gmt":"2025-12-17T10:42:43","guid":{"rendered":"https:\/\/laroussane.panda-one.dev\/?page_id=125"},"modified":"2025-12-18T14:40:08","modified_gmt":"2025-12-18T14:40:08","slug":"offres-demploi","status":"publish","type":"page","link":"https:\/\/laroussane.panda-one.dev\/?page_id=125","title":{"rendered":"Offres d&#8217;emploi"},"content":{"rendered":"\t\t<div data-elementor-type=\"wp-page\" data-elementor-id=\"125\" class=\"elementor elementor-125\" data-elementor-post-type=\"page\">\n\t\t\t\t<div class=\"elementor-element elementor-element-b8da837 e-flex e-con-boxed e-con e-parent\" data-id=\"b8da837\" data-element_type=\"container\">\n\t\t\t\t\t<div class=\"e-con-inner\">\n\t\t\t\t<div class=\"elementor-element elementor-element-663981e elementor-widget elementor-widget-heading\" data-id=\"663981e\" data-element_type=\"widget\" data-widget_type=\"heading.default\">\n\t\t\t\t\t<h2 class=\"elementor-heading-title elementor-size-default\">Offres d'emploi<\/h2>\t\t\t\t<\/div>\n\t\t<div class=\"elementor-element elementor-element-e10f055 e-con-full e-flex e-con e-child\" data-id=\"e10f055\" data-element_type=\"container\">\n\t\t\t\t<div class=\"elementor-element elementor-element-2ec79e5 elementor-grid-1 elementor-grid-tablet-2 elementor-grid-mobile-1 elementor-posts--thumbnail-top elementor-card-shadow-yes elementor-posts__hover-gradient elementor-widget elementor-widget-posts\" data-id=\"2ec79e5\" data-element_type=\"widget\" data-settings=\"{&quot;cards_columns&quot;:&quot;1&quot;,&quot;pagination_type&quot;:&quot;numbers_and_prev_next&quot;,&quot;cards_columns_tablet&quot;:&quot;2&quot;,&quot;cards_columns_mobile&quot;:&quot;1&quot;,&quot;cards_row_gap&quot;:{&quot;unit&quot;:&quot;px&quot;,&quot;size&quot;:35,&quot;sizes&quot;:[]},&quot;cards_row_gap_tablet&quot;:{&quot;unit&quot;:&quot;px&quot;,&quot;size&quot;:&quot;&quot;,&quot;sizes&quot;:[]},&quot;cards_row_gap_mobile&quot;:{&quot;unit&quot;:&quot;px&quot;,&quot;size&quot;:&quot;&quot;,&quot;sizes&quot;:[]}}\" data-widget_type=\"posts.cards\">\n\t\t\t\t<div class=\"elementor-widget-container\">\n\t\t\t\t\t\t\t<div class=\"elementor-posts-container elementor-posts elementor-posts--skin-cards elementor-grid\" role=\"list\">\n\t\t\t\t<article class=\"elementor-post elementor-grid-item post-186 post type-post status-publish format-standard hentry category-recrutement\" role=\"listitem\">\n\t\t\t<div class=\"elementor-post__card\">\n\t\t\t\t<div class=\"elementor-post__text\">\n\t\t\t\t<h3 class=\"elementor-post__title\">\n\t\t\t<a href=\"https:\/\/laroussane.panda-one.dev\/?p=186\" >\n\t\t\t\tOffre d&rsquo;un (e) M\u00e9decin Coordonnateur (H\/F) \u2013 TPS Partiel 0.40 ETP\t\t\t<\/a>\n\t\t<\/h3>\n\t\t\t\t<div class=\"elementor-post__excerpt\">\n\t\t\t<p>Cadre de la Mission\u00a0: L\u2019EHPAD la Roussane de Monein, \u00e9tablissement qui accueille jusqu\u2019\u00e0 90 personnes \u00e2g\u00e9es, recherche un m\u00e9decin coordinateur exer\u00e7ant \u00e0 40% sur notre<\/p>\n\t\t<\/div>\n\t\t\n\t\t<a class=\"elementor-post__read-more\" href=\"https:\/\/laroussane.panda-one.dev\/?p=186\" aria-label=\"En savoir plus sur Offre d&rsquo;un (e) M\u00e9decin Coordonnateur (H\/F) \u2013 TPS Partiel 0.40 ETP\" tabindex=\"-1\" >\n\t\t\tEn savoir plus &gt;\t\t<\/a>\n\n\t\t\t\t<\/div>\n\t\t\t\t<div class=\"elementor-post__meta-data\">\n\t\t\t\t\t<span class=\"elementor-post-date\">\n\t\t\t18 d\u00e9cembre 2025\t\t<\/span>\n\t\t\t\t<\/div>\n\t\t\t\t\t<\/div>\n\t\t<\/article>\n\t\t\t\t<article class=\"elementor-post elementor-grid-item post-138 post type-post status-publish format-standard hentry category-recrutement\" role=\"listitem\">\n\t\t\t<div class=\"elementor-post__card\">\n\t\t\t\t<div class=\"elementor-post__text\">\n\t\t\t\t<h3 class=\"elementor-post__title\">\n\t\t\t<a href=\"https:\/\/laroussane.panda-one.dev\/?p=138\" >\n\t\t\t\t2 INFIRMIER(E)S (H\/F) \u2013 0.80 ETP\t\t\t<\/a>\n\t\t<\/h3>\n\t\t\t\t<div class=\"elementor-post__excerpt\">\n\t\t\t<p>Cadre de la Mission\u00a0: L\u2019EHPAD la Roussane de Monein est un \u00e9tablissement qui accueille jusqu\u2019\u00e0 90 personnes \u00e2g\u00e9es. Une\u00a0unit\u00e9 Alzheimer\u00a0accueille tout particuli\u00e8rement les r\u00e9sidents dans<\/p>\n\t\t<\/div>\n\t\t\n\t\t<a class=\"elementor-post__read-more\" href=\"https:\/\/laroussane.panda-one.dev\/?p=138\" aria-label=\"En savoir plus sur 2 INFIRMIER(E)S (H\/F) \u2013 0.80 ETP\" tabindex=\"-1\" >\n\t\t\tEn savoir plus &gt;\t\t<\/a>\n\n\t\t\t\t<\/div>\n\t\t\t\t<div class=\"elementor-post__meta-data\">\n\t\t\t\t\t<span class=\"elementor-post-date\">\n\t\t\t17 juin 2021\t\t<\/span>\n\t\t\t\t<\/div>\n\t\t\t\t\t<\/div>\n\t\t<\/article>\n\t\t\t\t<\/div>\n\t\t\n\t\t\t\t\t\t<\/div>\n\t\t\t\t<\/div>\n\t\t\t\t<\/div>\n\t\t\t\t\t<\/div>\n\t\t\t\t<\/div>\n\t\t\t\t<\/div>\n\t\t","protected":false},"excerpt":{"rendered":"<p>Offres d&#8217;emploi<\/p>\n","protected":false},"author":1,"featured_media":0,"parent":0,"menu_order":0,"comment_status":"closed","ping_status":"closed","template":"","meta":{"footnotes":""},"class_list":["post-125","page","type-page","status-publish","hentry"],"_links":{"self":[{"href":"https:\/\/laroussane.panda-one.dev\/index.php?rest_route=\/wp\/v2\/pages\/125","targetHints":{"allow":["GET"]}}],"collection":[{"href":"https:\/\/laroussane.panda-one.dev\/index.php?rest_route=\/wp\/v2\/pages"}],"about":[{"href":"https:\/\/laroussane.panda-one.dev\/index.php?rest_route=\/wp\/v2\/types\/page"}],"author":[{"embeddable":true,"href":"https:\/\/laroussane.panda-one.dev\/index.php?rest_route=\/wp\/v2\/users\/1"}],"replies":[{"embeddable":true,"href":"https:\/\/laroussane.panda-one.dev\/index.php?rest_route=%2Fwp%2Fv2%2Fcomments&post=125"}],"version-history":[{"count":19,"href":"https:\/\/laroussane.panda-one.dev\/index.php?rest_route=\/wp\/v2\/pages\/125\/revisions"}],"predecessor-version":[{"id":196,"href":"https:\/\/laroussane.panda-one.dev\/index.php?rest_route=\/wp\/v2\/pages\/125\/revisions\/196"}],"wp:attachment":[{"href":"https:\/\/laroussane.panda-one.dev\/index.php?rest_route=%2Fwp%2Fv2%2Fmedia&parent=125"}],"curies":[{"name":"wp","href":"https:\/\/api.w.org\/{rel}","templated":true}]}}