{"id":2,"date":"2025-12-16T08:46:12","date_gmt":"2025-12-16T08:46:12","guid":{"rendered":"https:\/\/laroussane.panda-one.dev\/?page_id=2"},"modified":"2025-12-18T14:57:30","modified_gmt":"2025-12-18T14:57:30","slug":"accueil","status":"publish","type":"page","link":"https:\/\/laroussane.panda-one.dev\/","title":{"rendered":"Accueil"},"content":{"rendered":"\t\t<div data-elementor-type=\"wp-page\" data-elementor-id=\"2\" class=\"elementor elementor-2\" data-elementor-post-type=\"page\">\n\t\t\t\t<div class=\"elementor-element elementor-element-69ae2ca0 e-flex e-con-boxed e-con e-parent\" data-id=\"69ae2ca0\" data-element_type=\"container\">\n\t\t\t\t\t<div class=\"e-con-inner\">\n\t\t\t\t<div class=\"elementor-element elementor-element-bb36365 elementor-widget elementor-widget-heading\" data-id=\"bb36365\" data-element_type=\"widget\" data-widget_type=\"heading.default\">\n\t\t\t\t\t<h2 class=\"elementor-heading-title elementor-size-default\">Bienvenue sur le site Internet de l\u2019EHPAD La Roussane.<\/h2>\t\t\t\t<\/div>\n\t\t\t\t<div class=\"elementor-element elementor-element-400a424e elementor-widget elementor-widget-text-editor\" data-id=\"400a424e\" data-element_type=\"widget\" data-widget_type=\"text-editor.default\">\n\t\t\t\t\t\t\t\t\t\n<p><span style=\"font-weight: 400;\">Notre \u00e9tablissement est une structure publique autonome d\u2019h\u00e9bergement pour personnes \u00e2g\u00e9es d\u00e9pendantes.<\/span><\/p>\n<p><span style=\"font-weight: 400;\">A la Roussane, nous mettons tout en \u0153uvre pour vous offrir un accueil, un h\u00e9bergement et des soins de qualit\u00e9, tout en ayant le souci constant du maintien du lien social.<\/span><\/p>\n<p><span style=\"font-weight: 400;\">R\u00e9solument tourn\u00e9s vers la richesse qu\u2019offrent les rapports interg\u00e9n\u00e9rationnels et les diverses rencontres, des activit\u00e9s et sorties vous sont propos\u00e9es.<\/span><\/p>\n<p><span style=\"font-weight: 400;\">Bientraitance, libre choix, respect et \u00e9coute sont les valeurs que nous d\u00e9fendons.<\/span><\/p>\n<p><span style=\"font-weight: 400;\">Vous trouverez sur ce site tous les renseignements et documents utiles concernant le fonctionnement et l\u2019admission dans notre \u00e9tablissement.<\/span><\/p>\n<p><span style=\"font-weight: 400;\">N\u2019h\u00e9sitez pas \u00e0 nous contacter pour toute question ou suggestion.<br \/><br \/><b>F. PIGNY,<\/b><b><br \/><\/b><b>Directeur<\/b><br \/><\/span><\/p>\n\t\t\t\t\t\t\t\t<\/div>\n\t\t\t\t\t<\/div>\n\t\t\t\t<\/div>\n\t\t<div class=\"elementor-element elementor-element-e2fc885 e-flex e-con-boxed e-con e-parent\" data-id=\"e2fc885\" data-element_type=\"container\">\n\t\t\t\t\t<div class=\"e-con-inner\">\n\t\t\t\t<div class=\"elementor-element elementor-element-bcb8b87 elementor-widget elementor-widget-heading\" data-id=\"bcb8b87\" data-element_type=\"widget\" data-widget_type=\"heading.default\">\n\t\t\t\t\t<h2 class=\"elementor-heading-title elementor-size-default\">Nos derni\u00e8res actualit\u00e9s<\/h2>\t\t\t\t<\/div>\n\t\t\t\t<div class=\"elementor-element elementor-element-40cbb32 elementor-grid-3 elementor-grid-tablet-2 elementor-grid-mobile-1 elementor-posts--thumbnail-top elementor-card-shadow-yes elementor-posts__hover-gradient elementor-widget elementor-widget-posts\" data-id=\"40cbb32\" data-element_type=\"widget\" data-settings=\"{&quot;cards_columns&quot;:&quot;3&quot;,&quot;cards_columns_tablet&quot;:&quot;2&quot;,&quot;cards_columns_mobile&quot;:&quot;1&quot;,&quot;cards_row_gap&quot;:{&quot;unit&quot;:&quot;px&quot;,&quot;size&quot;:35,&quot;sizes&quot;:[]},&quot;cards_row_gap_tablet&quot;:{&quot;unit&quot;:&quot;px&quot;,&quot;size&quot;:&quot;&quot;,&quot;sizes&quot;:[]},&quot;cards_row_gap_mobile&quot;:{&quot;unit&quot;:&quot;px&quot;,&quot;size&quot;:&quot;&quot;,&quot;sizes&quot;:[]}}\" data-widget_type=\"posts.cards\">\n\t\t\t\t<div class=\"elementor-widget-container\">\n\t\t\t\t\t\t\t<div class=\"elementor-posts-container elementor-posts elementor-posts--skin-cards elementor-grid\" role=\"list\">\n\t\t\t\t<article class=\"elementor-post elementor-grid-item post-176 post type-post status-publish format-standard hentry category-uncategorized\" role=\"listitem\">\n\t\t\t<div class=\"elementor-post__card\">\n\t\t\t\t<div class=\"elementor-post__text\">\n\t\t\t\t<h3 class=\"elementor-post__title\">\n\t\t\t<a href=\"https:\/\/laroussane.panda-one.dev\/?p=176\" >\n\t\t\t\tTravaux manuels\t\t\t<\/a>\n\t\t<\/h3>\n\t\t\n\t\t<a class=\"elementor-post__read-more\" href=\"https:\/\/laroussane.panda-one.dev\/?p=176\" aria-label=\"En savoir plus sur Travaux manuels\" tabindex=\"-1\" >\n\t\t\tEn savoir plus &gt;\t\t<\/a>\n\n\t\t\t\t<\/div>\n\t\t\t\t<div class=\"elementor-post__meta-data\">\n\t\t\t\t\t<span class=\"elementor-post-date\">\n\t\t\t26 d\u00e9cembre 2018\t\t<\/span>\n\t\t\t\t<\/div>\n\t\t\t\t\t<\/div>\n\t\t<\/article>\n\t\t\t\t<article class=\"elementor-post elementor-grid-item post-171 post type-post status-publish format-standard hentry category-uncategorized\" role=\"listitem\">\n\t\t\t<div class=\"elementor-post__card\">\n\t\t\t\t<div class=\"elementor-post__text\">\n\t\t\t\t<h3 class=\"elementor-post__title\">\n\t\t\t<a href=\"https:\/\/laroussane.panda-one.dev\/?p=171\" >\n\t\t\t\tAtelier cuisine\/p\u00e2tisserie\t\t\t<\/a>\n\t\t<\/h3>\n\t\t\n\t\t<a class=\"elementor-post__read-more\" href=\"https:\/\/laroussane.panda-one.dev\/?p=171\" aria-label=\"En savoir plus sur Atelier cuisine\/p\u00e2tisserie\" tabindex=\"-1\" >\n\t\t\tEn savoir plus &gt;\t\t<\/a>\n\n\t\t\t\t<\/div>\n\t\t\t\t<div class=\"elementor-post__meta-data\">\n\t\t\t\t\t<span class=\"elementor-post-date\">\n\t\t\t26 d\u00e9cembre 2018\t\t<\/span>\n\t\t\t\t<\/div>\n\t\t\t\t\t<\/div>\n\t\t<\/article>\n\t\t\t\t<article class=\"elementor-post elementor-grid-item post-181 post type-post status-publish format-standard hentry category-uncategorized\" role=\"listitem\">\n\t\t\t<div class=\"elementor-post__card\">\n\t\t\t\t<div class=\"elementor-post__text\">\n\t\t\t\t<h3 class=\"elementor-post__title\">\n\t\t\t<a href=\"https:\/\/laroussane.panda-one.dev\/?p=181\" >\n\t\t\t\tAnimation avec l&rsquo;orgue de Barbarie\t\t\t<\/a>\n\t\t<\/h3>\n\t\t\n\t\t<a class=\"elementor-post__read-more\" href=\"https:\/\/laroussane.panda-one.dev\/?p=181\" aria-label=\"En savoir plus sur Animation avec l&rsquo;orgue de Barbarie\" tabindex=\"-1\" >\n\t\t\tEn savoir plus &gt;\t\t<\/a>\n\n\t\t\t\t<\/div>\n\t\t\t\t<div class=\"elementor-post__meta-data\">\n\t\t\t\t\t<span class=\"elementor-post-date\">\n\t\t\t26 d\u00e9cembre 2018\t\t<\/span>\n\t\t\t\t<\/div>\n\t\t\t\t\t<\/div>\n\t\t<\/article>\n\t\t\t\t<\/div>\n\t\t\n\t\t\t\t\t\t<\/div>\n\t\t\t\t<\/div>\n\t\t\t\t\t<\/div>\n\t\t\t\t<\/div>\n\t\t<div class=\"elementor-element elementor-element-421d5eb e-con-full e-flex e-con e-child\" data-id=\"421d5eb\" data-element_type=\"container\">\n\t\t<div class=\"elementor-element elementor-element-a62a0d2 e-flex e-con-boxed e-con e-child\" data-id=\"a62a0d2\" data-element_type=\"container\">\n\t\t\t\t\t<div class=\"e-con-inner\">\n\t\t\t\t<div class=\"elementor-element elementor-element-758bac8 elementor-widget elementor-widget-heading\" data-id=\"758bac8\" data-element_type=\"widget\" data-widget_type=\"heading.default\">\n\t\t\t\t\t<h2 class=\"elementor-heading-title elementor-size-default\">Plan<\/h2>\t\t\t\t<\/div>\n\t\t\t\t\t<\/div>\n\t\t\t\t<\/div>\n\t\t\t\t<div class=\"elementor-element elementor-element-8d3d6e1 elementor-widget elementor-widget-google_maps\" data-id=\"8d3d6e1\" data-element_type=\"widget\" data-widget_type=\"google_maps.default\">\n\t\t\t\t\t\t\t<div class=\"elementor-custom-embed\">\n\t\t\t<iframe loading=\"lazy\"\n\t\t\t\t\tsrc=\"https:\/\/maps.google.com\/maps?q=2%20Rue%20du%20Recteur%20Jean%20Sarrailh%2C%2064360%20Monein&#038;t=m&#038;z=15&#038;output=embed&#038;iwloc=near\"\n\t\t\t\t\ttitle=\"2 Rue du Recteur Jean Sarrailh, 64360 Monein\"\n\t\t\t\t\taria-label=\"2 Rue du Recteur Jean Sarrailh, 64360 Monein\"\n\t\t\t><\/iframe>\n\t\t<\/div>\n\t\t\t\t\t\t<\/div>\n\t\t\t\t<\/div>\n\t\t\t\t<\/div>\n\t\t","protected":false},"excerpt":{"rendered":"<p>Bienvenue sur le site Internet de l\u2019EHPAD La Roussane. Notre \u00e9tablissement est une structure publique autonome d\u2019h\u00e9bergement pour personnes \u00e2g\u00e9es d\u00e9pendantes. A la Roussane, nous<\/p>\n","protected":false},"author":1,"featured_media":0,"parent":0,"menu_order":0,"comment_status":"closed","ping_status":"closed","template":"","meta":{"footnotes":""},"class_list":["post-2","page","type-page","status-publish","hentry"],"_links":{"self":[{"href":"https:\/\/laroussane.panda-one.dev\/index.php?rest_route=\/wp\/v2\/pages\/2","targetHints":{"allow":["GET"]}}],"collection":[{"href":"https:\/\/laroussane.panda-one.dev\/index.php?rest_route=\/wp\/v2\/pages"}],"about":[{"href":"https:\/\/laroussane.panda-one.dev\/index.php?rest_route=\/wp\/v2\/types\/page"}],"author":[{"embeddable":true,"href":"https:\/\/laroussane.panda-one.dev\/index.php?rest_route=\/wp\/v2\/users\/1"}],"replies":[{"embeddable":true,"href":"https:\/\/laroussane.panda-one.dev\/index.php?rest_route=%2Fwp%2Fv2%2Fcomments&post=2"}],"version-history":[{"count":28,"href":"https:\/\/laroussane.panda-one.dev\/index.php?rest_route=\/wp\/v2\/pages\/2\/revisions"}],"predecessor-version":[{"id":214,"href":"https:\/\/laroussane.panda-one.dev\/index.php?rest_route=\/wp\/v2\/pages\/2\/revisions\/214"}],"wp:attachment":[{"href":"https:\/\/laroussane.panda-one.dev\/index.php?rest_route=%2Fwp%2Fv2%2Fmedia&parent=2"}],"curies":[{"name":"wp","href":"https:\/\/api.w.org\/{rel}","templated":true}]}}