{"id":218,"date":"2025-12-18T15:21:12","date_gmt":"2025-12-18T15:21:12","guid":{"rendered":"https:\/\/laroussane.panda-one.dev\/?page_id=218"},"modified":"2025-12-18T15:23:41","modified_gmt":"2025-12-18T15:23:41","slug":"animations-et-vie-sociale","status":"publish","type":"page","link":"https:\/\/laroussane.panda-one.dev\/?page_id=218","title":{"rendered":"Animations et vie sociale"},"content":{"rendered":"\t\t<div data-elementor-type=\"wp-page\" data-elementor-id=\"218\" class=\"elementor elementor-218\" data-elementor-post-type=\"page\">\n\t\t\t\t<div class=\"elementor-element elementor-element-c1df725 e-flex e-con-boxed e-con e-parent\" data-id=\"c1df725\" data-element_type=\"container\">\n\t\t\t\t\t<div class=\"e-con-inner\">\n\t\t\t\t<div class=\"elementor-element elementor-element-ded3022 elementor-widget elementor-widget-heading\" data-id=\"ded3022\" data-element_type=\"widget\" data-widget_type=\"heading.default\">\n\t\t\t\t\t<h1 class=\"elementor-heading-title elementor-size-default\">Animations et vie sociale<\/h1>\t\t\t\t<\/div>\n\t\t\t\t\t<\/div>\n\t\t\t\t<\/div>\n\t\t<div class=\"elementor-element elementor-element-962d66f e-flex e-con-boxed e-con e-parent\" data-id=\"962d66f\" data-element_type=\"container\">\n\t\t\t\t\t<div class=\"e-con-inner\">\n\t\t\t\t<div class=\"elementor-element elementor-element-7cf2131 elementor-widget elementor-widget-heading\" data-id=\"7cf2131\" data-element_type=\"widget\" data-widget_type=\"heading.default\">\n\t\t\t\t\t<h2 class=\"elementor-heading-title elementor-size-default\">Les activit\u00e9s propos\u00e9es<\/h2>\t\t\t\t<\/div>\n\t\t<div class=\"elementor-element elementor-element-b029a77 e-con-full e-flex e-con e-child\" data-id=\"b029a77\" data-element_type=\"container\">\n\t\t\t\t<div class=\"elementor-element elementor-element-eb9af43 elementor-widget elementor-widget-heading\" data-id=\"eb9af43\" data-element_type=\"widget\" data-widget_type=\"heading.default\">\n\t\t\t\t\t<h3 class=\"elementor-heading-title elementor-size-default\">Dans l'\u00e9tablissement<\/h3>\t\t\t\t<\/div>\n\t\t\t\t<div class=\"elementor-element elementor-element-4df171f elementor-widget elementor-widget-text-editor\" data-id=\"4df171f\" data-element_type=\"widget\" data-widget_type=\"text-editor.default\">\n\t\t\t\t\t\t\t\t\t<p><strong>L\u2019\u00e9quipe d\u2019animation<\/strong>\u00a0vous propose de nombreuses activit\u00e9s quotidiennes :<\/p><ul><li>spectacles musicaux,<\/li><li>ateliers culinaires,<\/li><li>danses de salon,<\/li><li>rencontres interg\u00e9n\u00e9rationnelles\u2026<\/li><\/ul><p>\u00a0<\/p><p>Tout est mis en \u0153uvre pour\u00a0<strong>passer ensemble de bons moments !<\/strong><\/p>\t\t\t\t\t\t\t\t<\/div>\n\t\t\t\t<\/div>\n\t\t<div class=\"elementor-element elementor-element-ad6247c e-con-full e-flex e-con e-child\" data-id=\"ad6247c\" data-element_type=\"container\">\n\t\t\t\t<div class=\"elementor-element elementor-element-f54a99b elementor-widget elementor-widget-heading\" data-id=\"f54a99b\" data-element_type=\"widget\" data-widget_type=\"heading.default\">\n\t\t\t\t\t<h3 class=\"elementor-heading-title elementor-size-default\">\u00c0 l'ext\u00e9rieur<\/h3>\t\t\t\t<\/div>\n\t\t\t\t<div class=\"elementor-element elementor-element-d576971 elementor-widget elementor-widget-text-editor\" data-id=\"d576971\" data-element_type=\"widget\" data-widget_type=\"text-editor.default\">\n\t\t\t\t\t\t\t\t\t<p>Des sorties vous sont \u00e9galement propos\u00e9es r\u00e9guli\u00e8rement, aussi bien de proximit\u00e9 que des\u00a0<strong>journ\u00e9es d\u00e9couvertes<\/strong>\u00a0du patrimoine, sensorielles ou tout simplement de\u00a0<strong>d\u00e9tente\u00a0<\/strong>(mer, montagne..).<\/p>\t\t\t\t\t\t\t\t<\/div>\n\t\t\t\t<\/div>\n\t\t\t\t\t<\/div>\n\t\t\t\t<\/div>\n\t\t<div class=\"elementor-element elementor-element-505d39a e-flex e-con-boxed e-con e-parent\" data-id=\"505d39a\" data-element_type=\"container\">\n\t\t\t\t\t<div class=\"e-con-inner\">\n\t\t\t\t<div class=\"elementor-element elementor-element-058e740 elementor-widget elementor-widget-heading\" data-id=\"058e740\" data-element_type=\"widget\" data-widget_type=\"heading.default\">\n\t\t\t\t\t<h2 class=\"elementor-heading-title elementor-size-default\">Les visites et sorties<\/h2>\t\t\t\t<\/div>\n\t\t<div class=\"elementor-element elementor-element-520cda0 e-con-full e-flex e-con e-child\" data-id=\"520cda0\" data-element_type=\"container\">\n\t\t\t\t<div class=\"elementor-element elementor-element-3a5c6ad elementor-widget elementor-widget-heading\" data-id=\"3a5c6ad\" data-element_type=\"widget\" data-widget_type=\"heading.default\">\n\t\t\t\t\t<h3 class=\"elementor-heading-title elementor-size-default\">Les visites<\/h3>\t\t\t\t<\/div>\n\t\t\t\t<div class=\"elementor-element elementor-element-c5a2275 elementor-widget elementor-widget-text-editor\" data-id=\"c5a2275\" data-element_type=\"widget\" data-widget_type=\"text-editor.default\">\n\t\t\t\t\t\t\t\t\t<p>Vous pouvez\u00a0<strong>recevoir vos proches dans l\u2019\u00e9tablissement<\/strong>&#8230; pour une promenade dans le parc, une discussion dans le salon ou l\u2019intimit\u00e9 de votre chambre. Vous pouvez \u00e9galement les convier \u00e0 votre repas.<\/p>\t\t\t\t\t\t\t\t<\/div>\n\t\t\t\t<\/div>\n\t\t<div class=\"elementor-element elementor-element-3c7e298 e-con-full e-flex e-con e-child\" data-id=\"3c7e298\" data-element_type=\"container\">\n\t\t\t\t<div class=\"elementor-element elementor-element-f73cc01 elementor-widget elementor-widget-heading\" data-id=\"f73cc01\" data-element_type=\"widget\" data-widget_type=\"heading.default\">\n\t\t\t\t\t<h3 class=\"elementor-heading-title elementor-size-default\">Les sorties<\/h3>\t\t\t\t<\/div>\n\t\t\t\t<div class=\"elementor-element elementor-element-f4237c7 elementor-widget elementor-widget-text-editor\" data-id=\"f4237c7\" data-element_type=\"widget\" data-widget_type=\"text-editor.default\">\n\t\t\t\t\t\t\t\t\t<p>Le\u00a0<strong>principe de libert\u00e9<\/strong>\u00a0d\u2019aller et venir est une valeur de La Roussane, tout en pr\u00e9servant votre s\u00e9curit\u00e9.<\/p><p>Vous avez ainsi toute\u00a0<strong>libert\u00e9 d\u2019am\u00e9nager votre temps libre<\/strong>\u00a0: sorties, restaurant, promenades, week-end ou vacances.<\/p>\t\t\t\t\t\t\t\t<\/div>\n\t\t\t\t<\/div>\n\t\t\t\t\t<\/div>\n\t\t\t\t<\/div>\n\t\t\t\t<\/div>\n\t\t","protected":false},"excerpt":{"rendered":"<p>Les activit\u00e9s propos\u00e9es Dans l&rsquo;\u00e9tablissement L\u2019\u00e9quipe d\u2019animation\u00a0vous propose de nombreuses activit\u00e9s quotidiennes : spectacles musicaux, ateliers culinaires, danses de salon, rencontres interg\u00e9n\u00e9rationnelles\u2026 \u00a0 Tout est mis en \u0153uvre pour\u00a0passer ensemble de bons moments ! \u00c0 l&rsquo;ext\u00e9rieur Des sorties vous sont \u00e9galement propos\u00e9es r\u00e9guli\u00e8rement, aussi bien de proximit\u00e9 que des\u00a0journ\u00e9es d\u00e9couvertes\u00a0du patrimoine, sensorielles ou tout simplement [&hellip;]<\/p>\n","protected":false},"author":1,"featured_media":0,"parent":0,"menu_order":0,"comment_status":"closed","ping_status":"closed","template":"","meta":{"footnotes":""},"class_list":["post-218","page","type-page","status-publish","hentry"],"_links":{"self":[{"href":"https:\/\/laroussane.panda-one.dev\/index.php?rest_route=\/wp\/v2\/pages\/218","targetHints":{"allow":["GET"]}}],"collection":[{"href":"https:\/\/laroussane.panda-one.dev\/index.php?rest_route=\/wp\/v2\/pages"}],"about":[{"href":"https:\/\/laroussane.panda-one.dev\/index.php?rest_route=\/wp\/v2\/types\/page"}],"author":[{"embeddable":true,"href":"https:\/\/laroussane.panda-one.dev\/index.php?rest_route=\/wp\/v2\/users\/1"}],"replies":[{"embeddable":true,"href":"https:\/\/laroussane.panda-one.dev\/index.php?rest_route=%2Fwp%2Fv2%2Fcomments&post=218"}],"version-history":[{"count":4,"href":"https:\/\/laroussane.panda-one.dev\/index.php?rest_route=\/wp\/v2\/pages\/218\/revisions"}],"predecessor-version":[{"id":223,"href":"https:\/\/laroussane.panda-one.dev\/index.php?rest_route=\/wp\/v2\/pages\/218\/revisions\/223"}],"wp:attachment":[{"href":"https:\/\/laroussane.panda-one.dev\/index.php?rest_route=%2Fwp%2Fv2%2Fmedia&parent=218"}],"curies":[{"name":"wp","href":"https:\/\/api.w.org\/{rel}","templated":true}]}}