{"id":87,"date":"2025-12-16T15:42:46","date_gmt":"2025-12-16T15:42:46","guid":{"rendered":"https:\/\/laroussane.panda-one.dev\/?page_id=87"},"modified":"2025-12-18T14:50:12","modified_gmt":"2025-12-18T14:50:12","slug":"actualites","status":"publish","type":"page","link":"https:\/\/laroussane.panda-one.dev\/?page_id=87","title":{"rendered":"Actualit\u00e9s"},"content":{"rendered":"\t\t<div data-elementor-type=\"wp-page\" data-elementor-id=\"87\" class=\"elementor elementor-87\" data-elementor-post-type=\"page\">\n\t\t\t\t<div class=\"elementor-element elementor-element-d7c3f52 e-flex e-con-boxed e-con e-parent\" data-id=\"d7c3f52\" data-element_type=\"container\">\n\t\t\t\t\t<div class=\"e-con-inner\">\n\t\t<div class=\"elementor-element elementor-element-4fbbc26 e-con-full e-flex e-con e-child\" data-id=\"4fbbc26\" data-element_type=\"container\">\n\t\t\t\t<div class=\"elementor-element elementor-element-4e0c6a3 elementor-widget elementor-widget-heading\" data-id=\"4e0c6a3\" data-element_type=\"widget\" data-widget_type=\"heading.default\">\n\t\t\t\t\t<h2 class=\"elementor-heading-title elementor-size-default\">Nos actualit\u00e9s<\/h2>\t\t\t\t<\/div>\n\t\t\t\t<\/div>\n\t\t<div class=\"elementor-element elementor-element-6faed7e e-con-full e-flex e-con e-child\" data-id=\"6faed7e\" data-element_type=\"container\">\n\t\t\t\t<div class=\"elementor-element elementor-element-6a91515 elementor-grid-1 elementor-grid-tablet-2 elementor-grid-mobile-1 elementor-posts--thumbnail-top elementor-card-shadow-yes elementor-posts__hover-gradient elementor-widget elementor-widget-posts\" data-id=\"6a91515\" data-element_type=\"widget\" data-settings=\"{&quot;cards_columns&quot;:&quot;1&quot;,&quot;cards_columns_tablet&quot;:&quot;2&quot;,&quot;cards_columns_mobile&quot;:&quot;1&quot;,&quot;cards_row_gap&quot;:{&quot;unit&quot;:&quot;px&quot;,&quot;size&quot;:35,&quot;sizes&quot;:[]},&quot;cards_row_gap_tablet&quot;:{&quot;unit&quot;:&quot;px&quot;,&quot;size&quot;:&quot;&quot;,&quot;sizes&quot;:[]},&quot;cards_row_gap_mobile&quot;:{&quot;unit&quot;:&quot;px&quot;,&quot;size&quot;:&quot;&quot;,&quot;sizes&quot;:[]}}\" data-widget_type=\"posts.cards\">\n\t\t\t\t<div class=\"elementor-widget-container\">\n\t\t\t\t\t\t\t<div class=\"elementor-posts-container elementor-posts elementor-posts--skin-cards elementor-grid\" role=\"list\">\n\t\t\t\t<article class=\"elementor-post elementor-grid-item post-176 post type-post status-publish format-standard hentry category-uncategorized\" role=\"listitem\">\n\t\t\t<div class=\"elementor-post__card\">\n\t\t\t\t<div class=\"elementor-post__text\">\n\t\t\t\t<h3 class=\"elementor-post__title\">\n\t\t\t<a href=\"https:\/\/laroussane.panda-one.dev\/?p=176\" >\n\t\t\t\tTravaux manuels\t\t\t<\/a>\n\t\t<\/h3>\n\t\t\t\t<div class=\"elementor-post__excerpt\">\n\t\t\t<p>Notre EHPAD est peut-\u00eatre en plein travaux mais nous arrivons tout de m\u00eame \u00e0 trouver de quoi faire ! Nous avons eu l&rsquo;occasion de rencontrer<\/p>\n\t\t<\/div>\n\t\t\n\t\t<a class=\"elementor-post__read-more\" href=\"https:\/\/laroussane.panda-one.dev\/?p=176\" aria-label=\"En savoir plus sur Travaux manuels\" tabindex=\"-1\" >\n\t\t\tEn savoir plus &gt;\t\t<\/a>\n\n\t\t\t\t<\/div>\n\t\t\t\t<div class=\"elementor-post__meta-data\">\n\t\t\t\t\t<span class=\"elementor-post-date\">\n\t\t\t26 d\u00e9cembre 2018\t\t<\/span>\n\t\t\t\t<\/div>\n\t\t\t\t\t<\/div>\n\t\t<\/article>\n\t\t\t\t<article class=\"elementor-post elementor-grid-item post-171 post type-post status-publish format-standard hentry category-uncategorized\" role=\"listitem\">\n\t\t\t<div class=\"elementor-post__card\">\n\t\t\t\t<div class=\"elementor-post__text\">\n\t\t\t\t<h3 class=\"elementor-post__title\">\n\t\t\t<a href=\"https:\/\/laroussane.panda-one.dev\/?p=171\" >\n\t\t\t\tAtelier cuisine\/p\u00e2tisserie\t\t\t<\/a>\n\t\t<\/h3>\n\t\t\t\t<div class=\"elementor-post__excerpt\">\n\t\t\t<p>Notre EHPAD propose \u00e9galement des ateliers cuisine\/p\u00e2tisserie. Les r\u00e9sidents ont pu nous concocter quelques recettes bien connues et toujours d\u00e9licieuses \u00e0 d\u00e9guster. Les r\u00e9sidents ont<\/p>\n\t\t<\/div>\n\t\t\n\t\t<a class=\"elementor-post__read-more\" href=\"https:\/\/laroussane.panda-one.dev\/?p=171\" aria-label=\"En savoir plus sur Atelier cuisine\/p\u00e2tisserie\" tabindex=\"-1\" >\n\t\t\tEn savoir plus &gt;\t\t<\/a>\n\n\t\t\t\t<\/div>\n\t\t\t\t<div class=\"elementor-post__meta-data\">\n\t\t\t\t\t<span class=\"elementor-post-date\">\n\t\t\t26 d\u00e9cembre 2018\t\t<\/span>\n\t\t\t\t<\/div>\n\t\t\t\t\t<\/div>\n\t\t<\/article>\n\t\t\t\t<article class=\"elementor-post elementor-grid-item post-181 post type-post status-publish format-standard hentry category-uncategorized\" role=\"listitem\">\n\t\t\t<div class=\"elementor-post__card\">\n\t\t\t\t<div class=\"elementor-post__text\">\n\t\t\t\t<h3 class=\"elementor-post__title\">\n\t\t\t<a href=\"https:\/\/laroussane.panda-one.dev\/?p=181\" >\n\t\t\t\tAnimation avec l&rsquo;orgue de Barbarie\t\t\t<\/a>\n\t\t<\/h3>\n\t\t\t\t<div class=\"elementor-post__excerpt\">\n\t\t\t<p>L&rsquo;\u00e9tablissement a \u00e0 coeur de proposer aux r\u00e9sidents diverses animations auxquelles chacun est libre de participer selon ses envies et ses capacit\u00e9s. Une fois par<\/p>\n\t\t<\/div>\n\t\t\n\t\t<a class=\"elementor-post__read-more\" href=\"https:\/\/laroussane.panda-one.dev\/?p=181\" aria-label=\"En savoir plus sur Animation avec l&rsquo;orgue de Barbarie\" tabindex=\"-1\" >\n\t\t\tEn savoir plus &gt;\t\t<\/a>\n\n\t\t\t\t<\/div>\n\t\t\t\t<div class=\"elementor-post__meta-data\">\n\t\t\t\t\t<span class=\"elementor-post-date\">\n\t\t\t26 d\u00e9cembre 2018\t\t<\/span>\n\t\t\t\t<\/div>\n\t\t\t\t\t<\/div>\n\t\t<\/article>\n\t\t\t\t<\/div>\n\t\t\n\t\t\t\t\t\t<\/div>\n\t\t\t\t<\/div>\n\t\t\t\t<\/div>\n\t\t\t\t\t<\/div>\n\t\t\t\t<\/div>\n\t\t\t\t<\/div>\n\t\t","protected":false},"excerpt":{"rendered":"<p>Nos actualit\u00e9s<\/p>\n","protected":false},"author":1,"featured_media":0,"parent":0,"menu_order":0,"comment_status":"closed","ping_status":"closed","template":"","meta":{"footnotes":""},"class_list":["post-87","page","type-page","status-publish","hentry"],"_links":{"self":[{"href":"https:\/\/laroussane.panda-one.dev\/index.php?rest_route=\/wp\/v2\/pages\/87","targetHints":{"allow":["GET"]}}],"collection":[{"href":"https:\/\/laroussane.panda-one.dev\/index.php?rest_route=\/wp\/v2\/pages"}],"about":[{"href":"https:\/\/laroussane.panda-one.dev\/index.php?rest_route=\/wp\/v2\/types\/page"}],"author":[{"embeddable":true,"href":"https:\/\/laroussane.panda-one.dev\/index.php?rest_route=\/wp\/v2\/users\/1"}],"replies":[{"embeddable":true,"href":"https:\/\/laroussane.panda-one.dev\/index.php?rest_route=%2Fwp%2Fv2%2Fcomments&post=87"}],"version-history":[{"count":22,"href":"https:\/\/laroussane.panda-one.dev\/index.php?rest_route=\/wp\/v2\/pages\/87\/revisions"}],"predecessor-version":[{"id":200,"href":"https:\/\/laroussane.panda-one.dev\/index.php?rest_route=\/wp\/v2\/pages\/87\/revisions\/200"}],"wp:attachment":[{"href":"https:\/\/laroussane.panda-one.dev\/index.php?rest_route=%2Fwp%2Fv2%2Fmedia&parent=87"}],"curies":[{"name":"wp","href":"https:\/\/api.w.org\/{rel}","templated":true}]}}